{"id":1319,"date":"2025-11-15T17:46:08","date_gmt":"2025-11-15T16:46:08","guid":{"rendered":"https:\/\/volt-services.fr\/DEV\/alliancerenovv2\/?page_id=1319"},"modified":"2025-11-18T17:25:16","modified_gmt":"2025-11-18T16:25:16","slug":"politique-de-confidentialite","status":"publish","type":"page","link":"https:\/\/volt-services.fr\/DEV\/alliancerenovv2\/politique-de-confidentialite\/","title":{"rendered":"Politique de confidentialit\u00e9"},"content":{"rendered":"\t\t<div data-elementor-type=\"wp-page\" data-elementor-id=\"1319\" class=\"elementor elementor-1319\" data-elementor-post-type=\"page\">\n\t\t\t\t<div class=\"elementor-element elementor-element-e8cd9ea e-con-full e-flex e-con e-parent\" data-id=\"e8cd9ea\" data-element_type=\"container\">\n\t\t\t\t<div class=\"elementor-element elementor-element-107e367 elementor-widget__width-initial elementor-widget elementor-widget-text-editor\" data-id=\"107e367\" data-element_type=\"widget\" data-widget_type=\"text-editor.default\">\n\t\t\t\t\t\t\t\t\t<p data-start=\"1365\" data-end=\"1497\"><strong data-start=\"1365\" data-end=\"1387\">Donn\u00e9es collect\u00e9es<\/strong><br data-start=\"1387\" data-end=\"1390\" \/>Nous collectons uniquement les informations n\u00e9cessaires au traitement des demandes envoy\u00e9es via le site :<\/p><ul data-start=\"1498\" data-end=\"1633\"><li data-start=\"1498\" data-end=\"1515\"><p data-start=\"1500\" data-end=\"1515\">Nom et pr\u00e9nom<\/p><\/li><li data-start=\"1516\" data-end=\"1534\"><p data-start=\"1518\" data-end=\"1534\">Adresse e-mail<\/p><\/li><li data-start=\"1535\" data-end=\"1558\"><p data-start=\"1537\" data-end=\"1558\">Num\u00e9ro de t\u00e9l\u00e9phone<\/p><\/li><li data-start=\"1559\" data-end=\"1582\"><p data-start=\"1561\" data-end=\"1582\">Message du visiteur<\/p><\/li><li data-start=\"1583\" data-end=\"1633\"><p data-start=\"1585\" data-end=\"1633\">Avis clients (publi\u00e9s apr\u00e8s validation manuelle)<\/p><\/li><\/ul><p data-start=\"1635\" data-end=\"1683\">Aucune autre donn\u00e9e personnelle n\u2019est collect\u00e9e.<\/p><p data-start=\"1685\" data-end=\"1750\"><strong data-start=\"1685\" data-end=\"1712\">Finalit\u00e9s du traitement<\/strong><br data-start=\"1712\" data-end=\"1715\" \/>Les donn\u00e9es sont utilis\u00e9es pour :<\/p><ul data-start=\"1751\" data-end=\"1897\"><li data-start=\"1751\" data-end=\"1803\"><p data-start=\"1753\" data-end=\"1803\">R\u00e9pondre aux demandes d\u2019informations ou de devis<\/p><\/li><li data-start=\"1804\" data-end=\"1841\"><p data-start=\"1806\" data-end=\"1841\">G\u00e9rer et publier les avis clients<\/p><\/li><li data-start=\"1842\" data-end=\"1897\"><p data-start=\"1844\" data-end=\"1897\">Garantir le bon fonctionnement du site et sa s\u00e9curit\u00e9<\/p><\/li><\/ul><p data-start=\"1899\" data-end=\"1976\">Les donn\u00e9es ne sont jamais utilis\u00e9es \u00e0 des fins commerciales non sollicit\u00e9es.<\/p><p data-start=\"1978\" data-end=\"2188\"><strong data-start=\"1978\" data-end=\"1994\">Statistiques<\/strong><br data-start=\"1994\" data-end=\"1997\" \/>Le site utilise <strong data-start=\"2013\" data-end=\"2052\">Matomo Analytics en mode cookieless<\/strong>, configur\u00e9 avec <strong data-start=\"2069\" data-end=\"2102\">anonymisation des adresses IP<\/strong>.<br data-start=\"2103\" data-end=\"2106\" \/>Aucune donn\u00e9e personnelle identifiable n\u2019est enregistr\u00e9e ni transmise \u00e0 des tiers.<\/p><p data-start=\"2190\" data-end=\"2217\"><strong data-start=\"2190\" data-end=\"2215\">Dur\u00e9e de conservation<\/strong><\/p><ul data-start=\"2218\" data-end=\"2361\"><li data-start=\"2218\" data-end=\"2302\"><p data-start=\"2220\" data-end=\"2302\">Donn\u00e9es du formulaire de contact : jusqu\u2019\u00e0 12 mois apr\u00e8s la derni\u00e8re interaction<\/p><\/li><li data-start=\"2303\" data-end=\"2361\"><p data-start=\"2305\" data-end=\"2361\">Avis clients : tant qu\u2019ils restent publi\u00e9s sur le site<\/p><\/li><\/ul><p data-start=\"2363\" data-end=\"2569\"><strong data-start=\"2363\" data-end=\"2386\">Partage des donn\u00e9es<\/strong><br data-start=\"2386\" data-end=\"2389\" \/>Les donn\u00e9es ne sont pas vendues ni partag\u00e9es avec des tiers.<br data-start=\"2449\" data-end=\"2452\" \/>Elles sont uniquement stock\u00e9es aupr\u00e8s de notre h\u00e9bergeur <strong data-start=\"2509\" data-end=\"2525\">OVH (France)<\/strong> pour des raisons techniques et de s\u00e9curit\u00e9.<\/p><p data-start=\"2571\" data-end=\"2710\"><strong data-start=\"2571\" data-end=\"2605\">Droits des utilisateurs (RGPD)<\/strong><br data-start=\"2605\" data-end=\"2608\" \/>Conform\u00e9ment au R\u00e8glement G\u00e9n\u00e9ral sur la Protection des Donn\u00e9es, vous disposez des droits suivants :<\/p><ul data-start=\"2711\" data-end=\"2803\"><li data-start=\"2711\" data-end=\"2728\"><p data-start=\"2713\" data-end=\"2728\">Droit d\u2019acc\u00e8s<\/p><\/li><li data-start=\"2729\" data-end=\"2755\"><p data-start=\"2731\" data-end=\"2755\">Droit de rectification<\/p><\/li><li data-start=\"2756\" data-end=\"2780\"><p data-start=\"2758\" data-end=\"2780\">Droit de suppression<\/p><\/li><li data-start=\"2781\" data-end=\"2803\"><p data-start=\"2783\" data-end=\"2803\">Droit d\u2019opposition<\/p><\/li><\/ul><p data-start=\"2805\" data-end=\"2892\">Vous pouvez exercer vos droits en nous contactant \u00e0 :<br data-start=\"2858\" data-end=\"2861\" \/>\ud83d\udce7 <strong data-start=\"2864\" data-end=\"2892\"><a class=\"decorated-link cursor-pointer\" rel=\"noopener\" data-start=\"2866\" data-end=\"2890\">contact@aliancerenov.com<\/a><\/strong><\/p>\t\t\t\t\t\t\t\t<\/div>\n\t\t\t\t<\/div>\n\t\t\t\t<\/div>\n\t\t","protected":false},"excerpt":{"rendered":"<p>Donn\u00e9es collect\u00e9esNous collectons uniquement les informations n\u00e9cessaires au traitement des demandes envoy\u00e9es via le site : Nom et pr\u00e9nom Adresse e-mail Num\u00e9ro de t\u00e9l\u00e9phone Message du visiteur Avis clients (publi\u00e9s apr\u00e8s validation manuelle) Aucune autre donn\u00e9e personnelle n\u2019est collect\u00e9e. Finalit\u00e9s du traitementLes donn\u00e9es sont utilis\u00e9es pour : R\u00e9pondre aux demandes d\u2019informations ou de devis G\u00e9rer [&hellip;]<\/p>\n","protected":false},"author":1,"featured_media":0,"parent":0,"menu_order":0,"comment_status":"closed","ping_status":"closed","template":"elementor_header_footer","meta":{"footnotes":""},"class_list":["post-1319","page","type-page","status-publish","hentry"],"_links":{"self":[{"href":"https:\/\/volt-services.fr\/DEV\/alliancerenovv2\/wp-json\/wp\/v2\/pages\/1319","targetHints":{"allow":["GET"]}}],"collection":[{"href":"https:\/\/volt-services.fr\/DEV\/alliancerenovv2\/wp-json\/wp\/v2\/pages"}],"about":[{"href":"https:\/\/volt-services.fr\/DEV\/alliancerenovv2\/wp-json\/wp\/v2\/types\/page"}],"author":[{"embeddable":true,"href":"https:\/\/volt-services.fr\/DEV\/alliancerenovv2\/wp-json\/wp\/v2\/users\/1"}],"replies":[{"embeddable":true,"href":"https:\/\/volt-services.fr\/DEV\/alliancerenovv2\/wp-json\/wp\/v2\/comments?post=1319"}],"version-history":[{"count":26,"href":"https:\/\/volt-services.fr\/DEV\/alliancerenovv2\/wp-json\/wp\/v2\/pages\/1319\/revisions"}],"predecessor-version":[{"id":1424,"href":"https:\/\/volt-services.fr\/DEV\/alliancerenovv2\/wp-json\/wp\/v2\/pages\/1319\/revisions\/1424"}],"wp:attachment":[{"href":"https:\/\/volt-services.fr\/DEV\/alliancerenovv2\/wp-json\/wp\/v2\/media?parent=1319"}],"curies":[{"name":"wp","href":"https:\/\/api.w.org\/{rel}","templated":true}]}}