{"id":1325,"date":"2025-11-15T17:57:00","date_gmt":"2025-11-15T16:57:00","guid":{"rendered":"https:\/\/volt-services.fr\/DEV\/alliancerenovv2\/?page_id=1325"},"modified":"2025-11-18T17:25:41","modified_gmt":"2025-11-18T16:25:41","slug":"mentions-legales","status":"publish","type":"page","link":"https:\/\/volt-services.fr\/DEV\/alliancerenovv2\/mentions-legales\/","title":{"rendered":"Mentions L\u00e9gales"},"content":{"rendered":"\t\t<div data-elementor-type=\"wp-page\" data-elementor-id=\"1325\" class=\"elementor elementor-1325\" data-elementor-post-type=\"page\">\n\t\t\t\t<div class=\"elementor-element elementor-element-3cde301 e-flex e-con-boxed e-con e-parent\" data-id=\"3cde301\" data-element_type=\"container\">\n\t\t\t\t\t<div class=\"e-con-inner\">\n\t\t\t\t<div class=\"elementor-element elementor-element-57657bd elementor-widget__width-initial elementor-widget elementor-widget-text-editor\" data-id=\"57657bd\" data-element_type=\"widget\" data-widget_type=\"text-editor.default\">\n\t\t\t\t\t\t\t\t\t<p><strong data-start=\"369\" data-end=\"388\">\u00c9diteur du site<\/strong><br data-start=\"388\" data-end=\"391\" \/>Le pr\u00e9sent site est \u00e9dit\u00e9 par <strong data-start=\"421\" data-end=\"439\">Alliance R\u00e9nov<\/strong>, regroupement d\u2019artisans intervenant dans la r\u00e9novation.<br data-start=\"496\" data-end=\"499\" \/>Adresse : 23 rue du neouvielle 31120 portet sur Garonne<br data-start=\"533\" data-end=\"536\" \/>E-mail : <a class=\"decorated-link cursor-pointer\" rel=\"noopener\" data-start=\"545\" data-end=\"569\">contact@aliancerenov.com<\/a><\/p><p data-start=\"573\" data-end=\"680\"><strong data-start=\"573\" data-end=\"604\">Directeur de la publication<\/strong><br data-start=\"604\" data-end=\"607\" \/>Le directeur de la publication est le responsable du site Alliance R\u00e9nov.<\/p><p data-start=\"682\" data-end=\"777\"><strong data-start=\"682\" data-end=\"697\">H\u00e9bergement<\/strong><br data-start=\"697\" data-end=\"700\" \/>Le site est h\u00e9berg\u00e9 par :<br data-start=\"725\" data-end=\"728\" \/><strong data-start=\"728\" data-end=\"735\">OVH<\/strong>, 2 rue Kellermann, 59100 Roubaix, France.<\/p><p data-start=\"779\" data-end=\"1047\"><strong data-start=\"779\" data-end=\"807\">Propri\u00e9t\u00e9 intellectuelle<\/strong><br data-start=\"807\" data-end=\"810\" \/>L\u2019ensemble des contenus pr\u00e9sents sur le site (textes, images, logos, \u00e9l\u00e9ments graphiques) est prot\u00e9g\u00e9 par le droit de la propri\u00e9t\u00e9 intellectuelle.<br data-start=\"956\" data-end=\"959\" \/>Toute reproduction, modification ou diffusion sans autorisation pr\u00e9alable est interdite.<\/p><p data-start=\"1049\" data-end=\"1305\"><strong data-start=\"1049\" data-end=\"1067\">Responsabilit\u00e9<\/strong><br data-start=\"1067\" data-end=\"1070\" \/>Alliance R\u00e9nov s\u2019efforce de fournir des informations fiables, mais ne peut garantir l\u2019exactitude ou la mise \u00e0 jour des contenus pr\u00e9sents sur le site.<br data-start=\"1219\" data-end=\"1222\" \/>L\u2019utilisateur est seul responsable de l\u2019usage qu\u2019il fait des informations fournies.<\/p>\t\t\t\t\t\t\t\t<\/div>\n\t\t\t\t\t<\/div>\n\t\t\t\t<\/div>\n\t\t\t\t<\/div>\n\t\t","protected":false},"excerpt":{"rendered":"<p>\u00c9diteur du siteLe pr\u00e9sent site est \u00e9dit\u00e9 par Alliance R\u00e9nov, regroupement d\u2019artisans intervenant dans la r\u00e9novation.Adresse : 23 rue du neouvielle 31120 portet sur GaronneE-mail : contact@aliancerenov.com Directeur de la publicationLe directeur de la publication est le responsable du site Alliance R\u00e9nov. H\u00e9bergementLe site est h\u00e9berg\u00e9 par :OVH, 2 rue Kellermann, 59100 Roubaix, France. Propri\u00e9t\u00e9 [&hellip;]<\/p>\n","protected":false},"author":1,"featured_media":0,"parent":0,"menu_order":0,"comment_status":"closed","ping_status":"closed","template":"elementor_header_footer","meta":{"footnotes":""},"class_list":["post-1325","page","type-page","status-publish","hentry"],"_links":{"self":[{"href":"https:\/\/volt-services.fr\/DEV\/alliancerenovv2\/wp-json\/wp\/v2\/pages\/1325","targetHints":{"allow":["GET"]}}],"collection":[{"href":"https:\/\/volt-services.fr\/DEV\/alliancerenovv2\/wp-json\/wp\/v2\/pages"}],"about":[{"href":"https:\/\/volt-services.fr\/DEV\/alliancerenovv2\/wp-json\/wp\/v2\/types\/page"}],"author":[{"embeddable":true,"href":"https:\/\/volt-services.fr\/DEV\/alliancerenovv2\/wp-json\/wp\/v2\/users\/1"}],"replies":[{"embeddable":true,"href":"https:\/\/volt-services.fr\/DEV\/alliancerenovv2\/wp-json\/wp\/v2\/comments?post=1325"}],"version-history":[{"count":26,"href":"https:\/\/volt-services.fr\/DEV\/alliancerenovv2\/wp-json\/wp\/v2\/pages\/1325\/revisions"}],"predecessor-version":[{"id":1427,"href":"https:\/\/volt-services.fr\/DEV\/alliancerenovv2\/wp-json\/wp\/v2\/pages\/1325\/revisions\/1427"}],"wp:attachment":[{"href":"https:\/\/volt-services.fr\/DEV\/alliancerenovv2\/wp-json\/wp\/v2\/media?parent=1325"}],"curies":[{"name":"wp","href":"https:\/\/api.w.org\/{rel}","templated":true}]}}