{"id":799,"date":"2025-11-06T19:51:18","date_gmt":"2025-11-06T18:51:18","guid":{"rendered":"https:\/\/volt-services.fr\/DEV\/alliancerenovv2\/?page_id=799"},"modified":"2025-11-22T17:43:47","modified_gmt":"2025-11-22T16:43:47","slug":"deposer-un-avis","status":"publish","type":"page","link":"https:\/\/volt-services.fr\/DEV\/alliancerenovv2\/deposer-un-avis\/","title":{"rendered":"D\u00e9poser un avis"},"content":{"rendered":"\t\t<div data-elementor-type=\"wp-page\" data-elementor-id=\"799\" class=\"elementor elementor-799\" data-elementor-post-type=\"page\">\n\t\t\t\t<div class=\"elementor-element elementor-element-6365b1e e-flex e-con-boxed e-con e-parent\" data-id=\"6365b1e\" data-element_type=\"container\">\n\t\t\t\t\t<div class=\"e-con-inner\">\n\t\t\t\t<div class=\"elementor-element elementor-element-34d1f4c elementor-invisible elementor-widget elementor-widget-heading\" data-id=\"34d1f4c\" data-element_type=\"widget\" data-settings=\"{&quot;_animation&quot;:&quot;fadeInDown&quot;}\" data-widget_type=\"heading.default\">\n\t\t\t\t\t<h2 class=\"elementor-heading-title elementor-size-default\">D\u00e9poser un avis<\/h2>\t\t\t\t<\/div>\n\t\t\t\t<div class=\"elementor-element elementor-element-78a2ef4 elementor-widget elementor-widget-text-editor\" data-id=\"78a2ef4\" data-element_type=\"widget\" data-widget_type=\"text-editor.default\">\n\t\t\t\t\t\t\t\t\t<p>Les avis seront d&#8217;abord v\u00e9rifi\u00e9s par notre \u00e9quipe, puis publi\u00e9s.<\/p>\t\t\t\t\t\t\t\t<\/div>\n\t\t\t\t\t<\/div>\n\t\t\t\t<\/div>\n\t\t<div class=\"elementor-element elementor-element-3272e08 e-flex e-con-boxed e-con e-parent\" data-id=\"3272e08\" data-element_type=\"container\">\n\t\t\t\t\t<div class=\"e-con-inner\">\n\t\t\t\t<div class=\"elementor-element elementor-element-5794664 elementor-widget elementor-widget-shortcode\" data-id=\"5794664\" data-element_type=\"widget\" data-widget_type=\"shortcode.default\">\n\t\t\t\t\t\t\t<div class=\"elementor-shortcode\">    <div class=\"avis-formulaire-container\">\r\n        \r\n        <div id=\"avis-message\" class=\"avis-message\" style=\"display:none;\"><\/div>\r\n        \r\n        <form id=\"avis-formulaire\" class=\"avis-formulaire\">\r\n            <div class=\"form-group\">\r\n                <label for=\"avis-prenom\">Pr\u00e9nom <span class=\"required\">*<\/span><\/label>\r\n                <input type=\"text\" id=\"avis-prenom\" name=\"prenom\" required>\r\n            <\/div>\r\n            \r\n            <div class=\"form-group\">\r\n                <label for=\"avis-email\">Email <span class=\"required\">*<\/span><\/label>\r\n                <input type=\"email\" id=\"avis-email\" name=\"email\" required>\r\n            <\/div>\r\n            \r\n            <div class=\"form-group\">\r\n                <label>Notation <span class=\"required\">*<\/span><\/label>\r\n                <div class=\"avis-notation-stars\">\r\n                    <span class=\"star\" data-value=\"1\">\u2605<\/span>\r\n                    <span class=\"star\" data-value=\"2\">\u2605<\/span>\r\n                    <span class=\"star\" data-value=\"3\">\u2605<\/span>\r\n                    <span class=\"star\" data-value=\"4\">\u2605<\/span>\r\n                    <span class=\"star\" data-value=\"5\">\u2605<\/span>\r\n                <\/div>\r\n                <input type=\"hidden\" id=\"avis-notation\" name=\"notation\" required>\r\n            <\/div>\r\n            \r\n            <div class=\"form-group\">\r\n                <label for=\"avis-contenu\">Votre avis <span class=\"required\">*<\/span><\/label>\r\n                <textarea id=\"avis-contenu\" name=\"contenu\" rows=\"5\" required><\/textarea>\r\n            <\/div>\r\n\r\n            <div class=\"form-group\">\r\n                <label class=\"avis-consent\">\r\n                    <input type=\"checkbox\" id=\"avis-consent\" name=\"consent_publication\" value=\"1\" required>\r\n                    En cochant cette case j'accepte que mon avis soit publi\u00e9 sur ce site et que mes donn\u00e9es soient trait\u00e9es conform\u00e9ment \u00e0 la politique de confidentialit\u00e9 <span class=\"required\">*<\/span>\r\n                <\/label>\r\n            <\/div>\r\n            \r\n            <button type=\"submit\" class=\"avis-submit-btn\">Envoyer mon avis<\/button>\r\n        <\/form>\r\n    <\/div>\r\n    <\/div>\n\t\t\t\t\t\t<\/div>\n\t\t\t\t\t<\/div>\n\t\t\t\t<\/div>\n\t\t\t\t<\/div>\n\t\t","protected":false},"excerpt":{"rendered":"<p>D\u00e9poser un avis Les avis seront d&#8217;abord v\u00e9rifi\u00e9s par notre \u00e9quipe, puis publi\u00e9s.<\/p>\n","protected":false},"author":1,"featured_media":0,"parent":0,"menu_order":0,"comment_status":"closed","ping_status":"closed","template":"elementor_header_footer","meta":{"footnotes":""},"class_list":["post-799","page","type-page","status-publish","hentry"],"_links":{"self":[{"href":"https:\/\/volt-services.fr\/DEV\/alliancerenovv2\/wp-json\/wp\/v2\/pages\/799","targetHints":{"allow":["GET"]}}],"collection":[{"href":"https:\/\/volt-services.fr\/DEV\/alliancerenovv2\/wp-json\/wp\/v2\/pages"}],"about":[{"href":"https:\/\/volt-services.fr\/DEV\/alliancerenovv2\/wp-json\/wp\/v2\/types\/page"}],"author":[{"embeddable":true,"href":"https:\/\/volt-services.fr\/DEV\/alliancerenovv2\/wp-json\/wp\/v2\/users\/1"}],"replies":[{"embeddable":true,"href":"https:\/\/volt-services.fr\/DEV\/alliancerenovv2\/wp-json\/wp\/v2\/comments?post=799"}],"version-history":[{"count":31,"href":"https:\/\/volt-services.fr\/DEV\/alliancerenovv2\/wp-json\/wp\/v2\/pages\/799\/revisions"}],"predecessor-version":[{"id":1508,"href":"https:\/\/volt-services.fr\/DEV\/alliancerenovv2\/wp-json\/wp\/v2\/pages\/799\/revisions\/1508"}],"wp:attachment":[{"href":"https:\/\/volt-services.fr\/DEV\/alliancerenovv2\/wp-json\/wp\/v2\/media?parent=799"}],"curies":[{"name":"wp","href":"https:\/\/api.w.org\/{rel}","templated":true}]}}